{"id":921,"date":"2023-10-23T20:59:36","date_gmt":"2023-10-23T23:59:36","guid":{"rendered":"https:\/\/es.quemliga.pt\/?page_id=921"},"modified":"2023-10-23T22:22:51","modified_gmt":"2023-10-24T01:22:51","slug":"contato","status":"publish","type":"page","link":"https:\/\/es.quemliga.pt\/sv\/contato\/","title":{"rendered":"Kontakta"},"content":{"rendered":"<p>Tack f\u00f6r ditt intresse f\u00f6r &quot;QuemLiga.PT&quot;. Om du har n\u00e5gra fr\u00e5gor, kommentarer eller f\u00f6rslag, tveka inte att kontakta oss. Vi uppskattar mycket din feedback eftersom vi str\u00e4var efter att tillhandah\u00e5lla kvalitativ och relevant information.<\/p>\n<p><strong>E-postsupport:<\/strong><\/p>\n<p>F\u00f6r eventuella fr\u00e5gor kan du kontakta v\u00e5rt dedikerade supportteam via e-post p\u00e5 <strong><a href=\"mailto:contato@es.quemliga.pt\" target=\"_new\" rel=\"noopener\">contato@es.quemliga.pt<\/a><\/strong>. V\u00e5rt m\u00e5l \u00e4r att svara snabbt p\u00e5 dina e-postmeddelanden och ge hj\u00e4lp med alla fr\u00e5gor eller information du beh\u00f6ver.<\/p>\n<p><strong>Kommentarer och f\u00f6rslag:<\/strong><\/p>\n<p>Vi uppskattar dina kommentarer och f\u00f6rslag f\u00f6r att f\u00f6rb\u00e4ttra QuemLiga.PT. Om du vill dela med dig av dina id\u00e9er eller ge allm\u00e4nna f\u00f6rslag f\u00e5r du g\u00e4rna maila oss p\u00e5 <strong><a href=\"mailto:contato@es.quemliga.pt\" target=\"_new\" rel=\"noopener\">contato@es.quemliga.pt<\/a><\/strong>.<\/p>\n<p><strong>Bidrag och g\u00e4stinl\u00e4gg:<\/strong><\/p>\n<p>Om du har relevant information och vill bidra till QuemLiga.PT med artiklar eller information, v\u00e4nligen kontakta oss via e-post <strong><a href=\"mailto:contato@es.quemliga.pt\" target=\"_new\" rel=\"noopener\">contato@es.quemliga.pt<\/a><\/strong>. Vi letar alltid efter medarbetare som kan berika v\u00e5rt inneh\u00e5ll.<\/p>\n<p><strong>Partnerskapsf\u00f6rfr\u00e5gningar:<\/strong><\/p>\n<p>F\u00f6r fr\u00e5gor ang\u00e5ende partnerskap eller andra samarbetsm\u00f6jligheter, v\u00e4nligen kontakta oss via e-post <strong><a href=\"mailto:contato@es.quemliga.pt\" target=\"_new\" rel=\"noopener\">contato@es.quemliga.pt<\/a><\/strong>. Vi \u00e4r \u00f6ppna f\u00f6r nya id\u00e9er och samarbeten som kan gynna v\u00e5ra anv\u00e4ndare.<\/p>\n<p>Tack f\u00f6r att du bes\u00f6ker QuemLiga.PT. Vi ser fram emot att h\u00f6ra fr\u00e5n dig och \u00e4r alltid redo att betj\u00e4na dig p\u00e5 b\u00e4sta m\u00f6jliga s\u00e4tt.<\/p>","protected":false},"excerpt":{"rendered":"<p>Agradecemos seu interesse no \u201cQuemLiga.PT\u201d. Se voc\u00ea tiver alguma d\u00favida, coment\u00e1rio ou sugest\u00e3o, n\u00e3o hesite em entrar em contato conosco. Valorizamos muito o seu feedback,&#8230;<\/p>","protected":false},"author":1,"featured_media":0,"parent":0,"menu_order":0,"comment_status":"closed","ping_status":"closed","template":"","meta":{"footnotes":""},"class_list":["post-921","page","type-page","status-publish","hentry"],"_links":{"self":[{"href":"https:\/\/es.quemliga.pt\/sv\/wp-json\/wp\/v2\/pages\/921","targetHints":{"allow":["GET"]}}],"collection":[{"href":"https:\/\/es.quemliga.pt\/sv\/wp-json\/wp\/v2\/pages"}],"about":[{"href":"https:\/\/es.quemliga.pt\/sv\/wp-json\/wp\/v2\/types\/page"}],"author":[{"embeddable":true,"href":"https:\/\/es.quemliga.pt\/sv\/wp-json\/wp\/v2\/users\/1"}],"replies":[{"embeddable":true,"href":"https:\/\/es.quemliga.pt\/sv\/wp-json\/wp\/v2\/comments?post=921"}],"version-history":[{"count":2,"href":"https:\/\/es.quemliga.pt\/sv\/wp-json\/wp\/v2\/pages\/921\/revisions"}],"predecessor-version":[{"id":967,"href":"https:\/\/es.quemliga.pt\/sv\/wp-json\/wp\/v2\/pages\/921\/revisions\/967"}],"wp:attachment":[{"href":"https:\/\/es.quemliga.pt\/sv\/wp-json\/wp\/v2\/media?parent=921"}],"curies":[{"name":"wp","href":"https:\/\/api.w.org\/{rel}","templated":true}]}}