{"id":921,"date":"2023-10-23T20:59:36","date_gmt":"2023-10-23T23:59:36","guid":{"rendered":"https:\/\/es.quemliga.pt\/?page_id=921"},"modified":"2023-10-23T22:22:51","modified_gmt":"2023-10-24T01:22:51","slug":"contato","status":"publish","type":"page","link":"https:\/\/es.quemliga.pt\/sk\/contato\/","title":{"rendered":"Kontakt"},"content":{"rendered":"<p>\u010eakujeme za v\u00e1\u0161 z\u00e1ujem o \u201cQuemLiga.PT\u201d. Ak m\u00e1te ak\u00e9ko\u013evek ot\u00e1zky, pripomienky alebo n\u00e1vrhy, nev\u00e1hajte n\u00e1s kontaktova\u0165. Ve\u013emi si v\u00e1\u017eime va\u0161u sp\u00e4tn\u00fa v\u00e4zbu, preto\u017ee sa sna\u017e\u00edme poskytova\u0165 kvalitn\u00e9 a relevantn\u00e9 inform\u00e1cie.<\/p>\n<p><strong>E-mailov\u00e1 podpora:<\/strong><\/p>\n<p>V pr\u00edpade ak\u00fdchko\u013evek ot\u00e1zok m\u00f4\u017eete kontaktova\u0165 n\u00e1\u0161 \u0161pecializovan\u00fd t\u00edm podpory prostredn\u00edctvom e-mailu na adrese <strong><a href=\"mailto:contato@es.quemliga.pt\" target=\"_new\" rel=\"noopener\">contato@es.quemliga.pt<\/a><\/strong>. Na\u0161\u00edm cie\u013eom je r\u00fdchlo odpoveda\u0165 na va\u0161e e-maily a poskytn\u00fa\u0165 pomoc s ak\u00fdmiko\u013evek ot\u00e1zkami alebo inform\u00e1ciami, ktor\u00e9 po\u017eadujete.<\/p>\n<p><strong>Koment\u00e1re a n\u00e1vrhy:<\/strong><\/p>\n<p>V\u00e1\u017eime si va\u0161e pripomienky a n\u00e1vrhy na zlep\u0161enie QuemLiga.PT. Ak by ste sa chceli podeli\u0165 o svoje my\u0161lienky alebo poskytn\u00fa\u0165 v\u0161eobecn\u00e9 n\u00e1vrhy, nev\u00e1hajte n\u00e1m posla\u0165 e-mail na adresu <strong><a href=\"mailto:contato@es.quemliga.pt\" target=\"_new\" rel=\"noopener\">contato@es.quemliga.pt<\/a><\/strong>.<\/p>\n<p><strong>Pr\u00edspevky a pr\u00edspevky host\u00ed:<\/strong><\/p>\n<p>Ak m\u00e1te relevantn\u00e9 inform\u00e1cie a chceli by ste prispie\u0165 do QuemLiga.PT \u010dl\u00e1nkami alebo inform\u00e1ciami, kontaktujte n\u00e1s e-mailom <strong><a href=\"mailto:contato@es.quemliga.pt\" target=\"_new\" rel=\"noopener\">contato@es.quemliga.pt<\/a><\/strong>. Neust\u00e1le h\u013ead\u00e1me spolupracovn\u00edkov, ktor\u00ed m\u00f4\u017eu obohati\u0165 n\u00e1\u0161 obsah.<\/p>\n<p><strong>Partnersk\u00e9 ot\u00e1zky:<\/strong><\/p>\n<p>V pr\u00edpade ot\u00e1zok t\u00fdkaj\u00facich sa partnerstva alebo in\u00fdch mo\u017enost\u00ed spolupr\u00e1ce n\u00e1s kontaktujte na <strong><a href=\"mailto:contato@es.quemliga.pt\" target=\"_new\" rel=\"noopener\">contato@es.quemliga.pt<\/a><\/strong>. Sme otvoren\u00ed nov\u00fdm n\u00e1padom a spolupr\u00e1ci, ktor\u00e9 m\u00f4\u017eu by\u0165 pr\u00ednosom pre na\u0161ich pou\u017e\u00edvate\u013eov.<\/p>\n<p>\u010eakujeme, \u017ee ste nav\u0161t\u00edvili QuemLiga.PT. \u010cak\u00e1me na v\u00e1\u0161 kontakt a sme v\u017edy pripraven\u00ed obsl\u00fa\u017ei\u0165 v\u00e1s t\u00fdm najlep\u0161\u00edm mo\u017en\u00fdm sp\u00f4sobom.<\/p>","protected":false},"excerpt":{"rendered":"<p>\u010eakujeme za v\u00e1\u0161 z\u00e1ujem o \u201cQuemLiga.PT\u201d. Ak m\u00e1te ak\u00e9ko\u013evek ot\u00e1zky, pripomienky alebo n\u00e1vrhy, nev\u00e1hajte n\u00e1s kontaktova\u0165. Ve\u013emi si v\u00e1\u017eime va\u0161u sp\u00e4tn\u00fa v\u00e4zbu,\u2026<\/p>","protected":false},"author":1,"featured_media":0,"parent":0,"menu_order":0,"comment_status":"closed","ping_status":"closed","template":"","meta":{"footnotes":""},"class_list":["post-921","page","type-page","status-publish","hentry"],"_links":{"self":[{"href":"https:\/\/es.quemliga.pt\/sk\/wp-json\/wp\/v2\/pages\/921","targetHints":{"allow":["GET"]}}],"collection":[{"href":"https:\/\/es.quemliga.pt\/sk\/wp-json\/wp\/v2\/pages"}],"about":[{"href":"https:\/\/es.quemliga.pt\/sk\/wp-json\/wp\/v2\/types\/page"}],"author":[{"embeddable":true,"href":"https:\/\/es.quemliga.pt\/sk\/wp-json\/wp\/v2\/users\/1"}],"replies":[{"embeddable":true,"href":"https:\/\/es.quemliga.pt\/sk\/wp-json\/wp\/v2\/comments?post=921"}],"version-history":[{"count":2,"href":"https:\/\/es.quemliga.pt\/sk\/wp-json\/wp\/v2\/pages\/921\/revisions"}],"predecessor-version":[{"id":967,"href":"https:\/\/es.quemliga.pt\/sk\/wp-json\/wp\/v2\/pages\/921\/revisions\/967"}],"wp:attachment":[{"href":"https:\/\/es.quemliga.pt\/sk\/wp-json\/wp\/v2\/media?parent=921"}],"curies":[{"name":"wp","href":"https:\/\/api.w.org\/{rel}","templated":true}]}}