{"id":921,"date":"2023-10-23T20:59:36","date_gmt":"2023-10-23T23:59:36","guid":{"rendered":"https:\/\/es.quemliga.pt\/?page_id=921"},"modified":"2023-10-23T22:22:51","modified_gmt":"2023-10-24T01:22:51","slug":"contato","status":"publish","type":"page","link":"https:\/\/es.quemliga.pt\/ro\/contato\/","title":{"rendered":"a lua legatura"},"content":{"rendered":"<p>V\u0103 mul\u021bumim pentru interesul manifestat fa\u021b\u0103 de \u201eQuemLiga.PT\u201d. Dac\u0103 ave\u021bi \u00eentreb\u0103ri, comentarii sau sugestii, nu ezita\u021bi s\u0103 ne contacta\u021bi. Apreciem foarte mult feedbackul dvs., deoarece ne str\u0103duim s\u0103 oferim informa\u021bii de calitate \u0219i relevante.<\/p>\n<p><strong>Asisten\u021b\u0103 prin e-mail:<\/strong><\/p>\n<p>Pentru orice \u00eentreb\u0103ri, pute\u021bi contacta echipa noastr\u0103 de asisten\u021b\u0103 dedicat\u0103 prin e-mail la adresa <strong><a href=\"mailto:contato@es.quemliga.pt\" target=\"_new\" rel=\"noopener\">contato@es.quemliga.pt<\/a><\/strong>. Ne propunem s\u0103 r\u0103spundem prompt la e-mailurile dvs. \u0219i s\u0103 v\u0103 oferim asisten\u021b\u0103 cu orice \u00eentreb\u0103ri sau informa\u021bii de care ave\u021bi nevoie.<\/p>\n<p><strong>Comentarii si sugestii:<\/strong><\/p>\n<p>Apreciem comentariile \u0219i sugestiile dumneavoastr\u0103 pentru a \u00eembun\u0103t\u0103\u021bi QuemLiga.PT. Dac\u0103 dori\u021bi s\u0103 v\u0103 \u00eemp\u0103rt\u0103\u0219i\u021bi g\u00e2ndurile sau s\u0103 oferi\u021bi sugestii generale, nu ezita\u021bi s\u0103 ne trimite\u021bi un e-mail la <strong><a href=\"mailto:contato@es.quemliga.pt\" target=\"_new\" rel=\"noopener\">contato@es.quemliga.pt<\/a><\/strong>.<\/p>\n<p><strong>Contribu\u021bii \u0219i post\u0103ri ale invita\u021bilor:<\/strong><\/p>\n<p>Dac\u0103 ave\u021bi informa\u021bii relevante \u0219i dori\u021bi s\u0103 contribui la QuemLiga.PT cu articole sau informa\u021bii, v\u0103 rug\u0103m s\u0103 ne contacta\u021bi prin e-mail <strong><a href=\"mailto:contato@es.quemliga.pt\" target=\"_new\" rel=\"noopener\">contato@es.quemliga.pt<\/a><\/strong>. C\u0103ut\u0103m mereu colaboratori care ne pot \u00eembog\u0103\u021bi con\u021binutul.<\/p>\n<p><strong>\u00centreb\u0103ri de parteneriat:<\/strong><\/p>\n<p>Pentru \u00eentreb\u0103ri referitoare la parteneriate sau alte oportunit\u0103\u021bi de colaborare, v\u0103 rug\u0103m s\u0103 ne contacta\u021bi la adresa <strong><a href=\"mailto:contato@es.quemliga.pt\" target=\"_new\" rel=\"noopener\">contato@es.quemliga.pt<\/a><\/strong>. Suntem deschi\u0219i c\u0103tre noi idei \u0219i colabor\u0103ri care pot beneficia utilizatorii no\u0219tri.<\/p>\n<p>V\u0103 mul\u021bumim c\u0103 a\u021bi vizitat QuemLiga.PT. A\u0219tept\u0103m contactul dumneavoastr\u0103 \u0219i suntem \u00eentotdeauna gata s\u0103 v\u0103 servim \u00een cel mai bun mod posibil.<\/p>","protected":false},"excerpt":{"rendered":"<p>V\u0103 mul\u021bumim pentru interesul acordat \u201eQuemLiga.PT\u201d. Dac\u0103 ave\u021bi \u00eentreb\u0103ri, comentarii sau sugestii, nu ezita\u021bi s\u0103 ne contacta\u021bi. Apreciem foarte mult feedback-ul dvs.,...<\/p>","protected":false},"author":1,"featured_media":0,"parent":0,"menu_order":0,"comment_status":"closed","ping_status":"closed","template":"","meta":{"footnotes":""},"class_list":["post-921","page","type-page","status-publish","hentry"],"_links":{"self":[{"href":"https:\/\/es.quemliga.pt\/ro\/wp-json\/wp\/v2\/pages\/921","targetHints":{"allow":["GET"]}}],"collection":[{"href":"https:\/\/es.quemliga.pt\/ro\/wp-json\/wp\/v2\/pages"}],"about":[{"href":"https:\/\/es.quemliga.pt\/ro\/wp-json\/wp\/v2\/types\/page"}],"author":[{"embeddable":true,"href":"https:\/\/es.quemliga.pt\/ro\/wp-json\/wp\/v2\/users\/1"}],"replies":[{"embeddable":true,"href":"https:\/\/es.quemliga.pt\/ro\/wp-json\/wp\/v2\/comments?post=921"}],"version-history":[{"count":2,"href":"https:\/\/es.quemliga.pt\/ro\/wp-json\/wp\/v2\/pages\/921\/revisions"}],"predecessor-version":[{"id":967,"href":"https:\/\/es.quemliga.pt\/ro\/wp-json\/wp\/v2\/pages\/921\/revisions\/967"}],"wp:attachment":[{"href":"https:\/\/es.quemliga.pt\/ro\/wp-json\/wp\/v2\/media?parent=921"}],"curies":[{"name":"wp","href":"https:\/\/api.w.org\/{rel}","templated":true}]}}