{"id":1263,"date":"2024-11-15T02:04:49","date_gmt":"2024-11-15T05:04:49","guid":{"rendered":"https:\/\/es.quemliga.pt\/?page_id=1263"},"modified":"2024-11-15T02:06:35","modified_gmt":"2024-11-15T05:06:35","slug":"baixar","status":"publish","type":"page","link":"https:\/\/es.quemliga.pt\/ro\/baixar\/","title":{"rendered":""},"content":{"rendered":"<section class=\"redirection-container\">\n<div class=\"redirection-content\"><img id=\"imagem\" class=\"alignleft\" alt=\"Logo do Aplicativo\" width=\"71\" height=\"71\" \/><br \/>\n<span id=\"title\">Aplica\u021bie<\/span><\/div>\n<div class=\"tittle\">\n<h2>Se redirec\u021bioneaz\u0103\u2026<\/h2>\n<div class=\"loader\"><\/div>\n<\/div>\n<div class=\"subtitle\">\n<h3>V\u0103 redirec\u021bion\u0103m c\u0103tre App Store<\/h3>\n<\/div>\n<\/section>\n<footer class=\"redirection-footer\">\n<h4>Ar trebui s\u0103 fi\u021bi redirec\u021bionat \u00een urm\u0103toarele 5 secunde<\/h4>\n<p>Dac\u0103 nu e\u0219ti redirec\u021bionat, urmeaz\u0103 <a id=\"link\" href=\"#\">acest link.<\/a><\/p>\n<\/footer>\n<p><script>\n    const query = new URLSearchParams(document.location.search);\n    const title = query.get('title') ?? 'N\u00e3o encontrado';\n    const logo = query.get('logo') ?? 'N\u00e3o encontrado';\n    const link = query.get('link') ?? 'N\u00e3o encontrado';\n    document.getElementById(\"title\").innerHTML = 'Aplicativo ' + title;\n    const link_tag_a = document.getElementById('link');\n    link_tag_a.href = link; \n    const imagem_logo = document.getElementById('imagem');\n    imagem_logo.src = logo;\n    setTimeout(\n        function(){\n            window.location = link; \n        },\n    5000);\n<\/script><\/p>\n<style>\n #footer-widgets {<br \/>        display: none;<br \/>    }<br \/><\/style>","protected":false},"excerpt":{"rendered":"<p>Redirec\u021bionarea aplica\u021biei... V\u0103 redirec\u021bion\u0103m c\u0103tre App Store Ar trebui s\u0103 fi\u021bi redirec\u021bionat \u00een urm\u0103toarele 5 secunde Dac\u0103 nu sunte\u021bi redirec\u021bionat, v\u0103 rug\u0103m s\u0103 urma\u021bi acest link.<\/p>","protected":false},"author":1,"featured_media":0,"parent":0,"menu_order":0,"comment_status":"closed","ping_status":"closed","template":"","meta":{"footnotes":""},"class_list":["post-1263","page","type-page","status-publish","hentry"],"_links":{"self":[{"href":"https:\/\/es.quemliga.pt\/ro\/wp-json\/wp\/v2\/pages\/1263","targetHints":{"allow":["GET"]}}],"collection":[{"href":"https:\/\/es.quemliga.pt\/ro\/wp-json\/wp\/v2\/pages"}],"about":[{"href":"https:\/\/es.quemliga.pt\/ro\/wp-json\/wp\/v2\/types\/page"}],"author":[{"embeddable":true,"href":"https:\/\/es.quemliga.pt\/ro\/wp-json\/wp\/v2\/users\/1"}],"replies":[{"embeddable":true,"href":"https:\/\/es.quemliga.pt\/ro\/wp-json\/wp\/v2\/comments?post=1263"}],"version-history":[{"count":2,"href":"https:\/\/es.quemliga.pt\/ro\/wp-json\/wp\/v2\/pages\/1263\/revisions"}],"predecessor-version":[{"id":1265,"href":"https:\/\/es.quemliga.pt\/ro\/wp-json\/wp\/v2\/pages\/1263\/revisions\/1265"}],"wp:attachment":[{"href":"https:\/\/es.quemliga.pt\/ro\/wp-json\/wp\/v2\/media?parent=1263"}],"curies":[{"name":"wp","href":"https:\/\/api.w.org\/{rel}","templated":true}]}}