{"id":921,"date":"2023-10-23T20:59:36","date_gmt":"2023-10-23T23:59:36","guid":{"rendered":"https:\/\/es.quemliga.pt\/?page_id=921"},"modified":"2023-10-23T22:22:51","modified_gmt":"2023-10-24T01:22:51","slug":"contato","status":"publish","type":"page","link":"https:\/\/es.quemliga.pt\/pl\/contato\/","title":{"rendered":"Kontakt"},"content":{"rendered":"<p>Dzi\u0119kujemy za zainteresowanie \u201eQuemLiga.PT\u201d. Je\u015bli masz jakie\u015b pytania, uwagi lub sugestie, nie wahaj si\u0119 z nami skontaktowa\u0107. Bardzo cenimy Twoj\u0105 opini\u0119, poniewa\u017c staramy si\u0119 dostarcza\u0107 wysokiej jako\u015bci i istotne informacje.<\/p>\n<p><strong>Wsparcie emailowe:<\/strong><\/p>\n<p>W przypadku jakichkolwiek pyta\u0144 mo\u017cesz skontaktowa\u0107 si\u0119 z naszym dedykowanym zespo\u0142em wsparcia za po\u015brednictwem poczty elektronicznej pod adresem <strong><a href=\"mailto:contato@es.quemliga.pt\" target=\"_new\" rel=\"noopener\">kontakt@es.quemliga.pt<\/a><\/strong>. Naszym celem jest niezw\u0142oczne odpowiadanie na Twoje e-maile i zapewnianie pomocy w przypadku jakichkolwiek pyta\u0144 lub wymaganych informacji.<\/p>\n<p><strong>Komentarze i sugestie:<\/strong><\/p>\n<p>Jeste\u015bmy wdzi\u0119czni za Twoje uwagi i sugestie dotycz\u0105ce ulepszenia QuemLiga.PT. Je\u015bli chcesz podzieli\u0107 si\u0119 swoimi przemy\u015bleniami lub przedstawi\u0107 og\u00f3lne sugestie, napisz do nas na adres <strong><a href=\"mailto:contato@es.quemliga.pt\" target=\"_new\" rel=\"noopener\">kontakt@es.quemliga.pt<\/a><\/strong>.<\/p>\n<p><strong>Wk\u0142ady i wpisy go\u015bcinne:<\/strong><\/p>\n<p>Je\u015bli posiadasz istotne informacje i chcia\u0142by\u015b przyczyni\u0107 si\u0119 do QuemLiga.PT poprzez artyku\u0142y lub informacje, skontaktuj si\u0119 z nami poprzez e-mail <strong><a href=\"mailto:contato@es.quemliga.pt\" target=\"_new\" rel=\"noopener\">kontakt@es.quemliga.pt<\/a><\/strong>. Zawsze szukamy wsp\u00f3\u0142pracownik\u00f3w, kt\u00f3rzy mog\u0105 wzbogaci\u0107 nasze tre\u015bci.<\/p>\n<p><strong>Zapytania dotycz\u0105ce partnerstwa:<\/strong><\/p>\n<p>W przypadku pyta\u0144 dotycz\u0105cych partnerstwa lub innych mo\u017cliwo\u015bci wsp\u00f3\u0142pracy, prosimy o kontakt pod adresem <strong><a href=\"mailto:contato@es.quemliga.pt\" target=\"_new\" rel=\"noopener\">kontakt@es.quemliga.pt<\/a><\/strong>. Jeste\u015bmy otwarci na nowe pomys\u0142y i wsp\u00f3\u0142prac\u0119, kt\u00f3re mog\u0105 przynie\u015b\u0107 korzy\u015bci naszym u\u017cytkownikom.<\/p>\n<p>Dzi\u0119kujemy za odwiedzenie QuemLiga.PT. Czekamy na Tw\u00f3j kontakt i zawsze jeste\u015bmy gotowi s\u0142u\u017cy\u0107 Ci najlepiej jak to mo\u017cliwe.<\/p>","protected":false},"excerpt":{"rendered":"<p>Dzi\u0119kujemy za zainteresowanie \u201eQuemLiga.PT\u201d. Je\u015bli masz jakiekolwiek pytania, uwagi lub sugestie, nie wahaj si\u0119 z nami skontaktowa\u0107. Naprawd\u0119 cenimy Twoj\u0105 opini\u0119,\u2026<\/p>","protected":false},"author":1,"featured_media":0,"parent":0,"menu_order":0,"comment_status":"closed","ping_status":"closed","template":"","meta":{"footnotes":""},"class_list":["post-921","page","type-page","status-publish","hentry"],"_links":{"self":[{"href":"https:\/\/es.quemliga.pt\/pl\/wp-json\/wp\/v2\/pages\/921","targetHints":{"allow":["GET"]}}],"collection":[{"href":"https:\/\/es.quemliga.pt\/pl\/wp-json\/wp\/v2\/pages"}],"about":[{"href":"https:\/\/es.quemliga.pt\/pl\/wp-json\/wp\/v2\/types\/page"}],"author":[{"embeddable":true,"href":"https:\/\/es.quemliga.pt\/pl\/wp-json\/wp\/v2\/users\/1"}],"replies":[{"embeddable":true,"href":"https:\/\/es.quemliga.pt\/pl\/wp-json\/wp\/v2\/comments?post=921"}],"version-history":[{"count":2,"href":"https:\/\/es.quemliga.pt\/pl\/wp-json\/wp\/v2\/pages\/921\/revisions"}],"predecessor-version":[{"id":967,"href":"https:\/\/es.quemliga.pt\/pl\/wp-json\/wp\/v2\/pages\/921\/revisions\/967"}],"wp:attachment":[{"href":"https:\/\/es.quemliga.pt\/pl\/wp-json\/wp\/v2\/media?parent=921"}],"curies":[{"name":"wp","href":"https:\/\/api.w.org\/{rel}","templated":true}]}}