{"id":921,"date":"2023-10-23T20:59:36","date_gmt":"2023-10-23T23:59:36","guid":{"rendered":"https:\/\/es.quemliga.pt\/?page_id=921"},"modified":"2023-10-23T22:22:51","modified_gmt":"2023-10-24T01:22:51","slug":"contato","status":"publish","type":"page","link":"https:\/\/es.quemliga.pt\/nb\/contato\/","title":{"rendered":"Kontakt"},"content":{"rendered":"<p>Takk for din interesse for &quot;QuemLiga.PT&quot;. Hvis du har sp\u00f8rsm\u00e5l, kommentarer eller forslag, ikke n\u00f8l med \u00e5 kontakte oss. Vi setter stor pris p\u00e5 tilbakemeldingen din ettersom vi streber etter \u00e5 gi kvalitet og relevant informasjon.<\/p>\n<p><strong>E-postst\u00f8tte:<\/strong><\/p>\n<p>For eventuelle sp\u00f8rsm\u00e5l kan du kontakte v\u00e5rt dedikerte st\u00f8tteteam via e-post p\u00e5 <strong><a href=\"mailto:contato@es.quemliga.pt\" target=\"_new\" rel=\"noopener\">contato@es.quemliga.pt<\/a><\/strong>. Vi tar sikte p\u00e5 \u00e5 svare raskt p\u00e5 e-postene dine og gi hjelp med sp\u00f8rsm\u00e5l eller informasjon du trenger.<\/p>\n<p><strong>Kommentarer og forslag:<\/strong><\/p>\n<p>Vi setter pris p\u00e5 dine kommentarer og forslag for \u00e5 forbedre QuemLiga.PT. Hvis du vil dele tankene dine eller gi generelle forslag, kan du gjerne sende oss en e-post p\u00e5 <strong><a href=\"mailto:contato@es.quemliga.pt\" target=\"_new\" rel=\"noopener\">contato@es.quemliga.pt<\/a><\/strong>.<\/p>\n<p><strong>Bidrag og gjesteinnlegg:<\/strong><\/p>\n<p>Hvis du har relevant informasjon og \u00f8nsker \u00e5 bidra til QuemLiga.PT med artikler eller informasjon, vennligst kontakt oss p\u00e5 e-post <strong><a href=\"mailto:contato@es.quemliga.pt\" target=\"_new\" rel=\"noopener\">contato@es.quemliga.pt<\/a><\/strong>. Vi er alltid p\u00e5 utkikk etter samarbeidspartnere som kan berike innholdet v\u00e5rt.<\/p>\n<p><strong>Foresp\u00f8rsler om partnerskap:<\/strong><\/p>\n<p>For henvendelser ang\u00e5ende partnerskap eller andre samarbeidsmuligheter, vennligst kontakt oss p\u00e5 <strong><a href=\"mailto:contato@es.quemliga.pt\" target=\"_new\" rel=\"noopener\">contato@es.quemliga.pt<\/a><\/strong>. Vi er \u00e5pne for nye ideer og samarbeid som kan komme v\u00e5re brukere til gode.<\/p>\n<p>Takk for at du bes\u00f8ker QuemLiga.PT. Vi avventer din kontakt og er alltid klare til \u00e5 betjene deg p\u00e5 best mulig m\u00e5te.<\/p>","protected":false},"excerpt":{"rendered":"<p>Takk for din interesse for &quot;QuemLiga.PT&quot;. Hvis du har sp\u00f8rsm\u00e5l, kommentarer eller forslag, ikke n\u00f8l med \u00e5 kontakte oss. Vi setter stor pris p\u00e5 tilbakemeldingen din,...<\/p>","protected":false},"author":1,"featured_media":0,"parent":0,"menu_order":0,"comment_status":"closed","ping_status":"closed","template":"","meta":{"footnotes":""},"class_list":["post-921","page","type-page","status-publish","hentry"],"_links":{"self":[{"href":"https:\/\/es.quemliga.pt\/nb\/wp-json\/wp\/v2\/pages\/921","targetHints":{"allow":["GET"]}}],"collection":[{"href":"https:\/\/es.quemliga.pt\/nb\/wp-json\/wp\/v2\/pages"}],"about":[{"href":"https:\/\/es.quemliga.pt\/nb\/wp-json\/wp\/v2\/types\/page"}],"author":[{"embeddable":true,"href":"https:\/\/es.quemliga.pt\/nb\/wp-json\/wp\/v2\/users\/1"}],"replies":[{"embeddable":true,"href":"https:\/\/es.quemliga.pt\/nb\/wp-json\/wp\/v2\/comments?post=921"}],"version-history":[{"count":2,"href":"https:\/\/es.quemliga.pt\/nb\/wp-json\/wp\/v2\/pages\/921\/revisions"}],"predecessor-version":[{"id":967,"href":"https:\/\/es.quemliga.pt\/nb\/wp-json\/wp\/v2\/pages\/921\/revisions\/967"}],"wp:attachment":[{"href":"https:\/\/es.quemliga.pt\/nb\/wp-json\/wp\/v2\/media?parent=921"}],"curies":[{"name":"wp","href":"https:\/\/api.w.org\/{rel}","templated":true}]}}