{"id":921,"date":"2023-10-23T20:59:36","date_gmt":"2023-10-23T23:59:36","guid":{"rendered":"https:\/\/es.quemliga.pt\/?page_id=921"},"modified":"2023-10-23T22:22:51","modified_gmt":"2023-10-24T01:22:51","slug":"contato","status":"publish","type":"page","link":"https:\/\/es.quemliga.pt\/lt\/contato\/","title":{"rendered":"kontaktas"},"content":{"rendered":"<p>D\u0117kojame, kad domit\u0117s \u201eQuemLiga.PT\u201c. Jei turite klausim\u0173, pastab\u0173 ar pasi\u016blym\u0173, nedvejodami susisiekite su mumis. Mes labai vertiname j\u016bs\u0173 atsiliepimus, nes stengiam\u0117s pateikti kokybi\u0161k\u0105 ir aktuali\u0105 informacij\u0105.<\/p>\n<p><strong>Pagalba el. pa\u0161tu:<\/strong><\/p>\n<p>Jei turite klausim\u0173, galite susisiekti su m\u016bs\u0173 specialia palaikymo komanda el <strong><a href=\"mailto:contato@es.quemliga.pt\" target=\"_new\" rel=\"noopener\">contato@es.quemliga.pt<\/a><\/strong>. Siekiame operatyviai atsakyti \u012f j\u016bs\u0173 el. lai\u0161kus ir suteikti pagalb\u0105 visais klausimais ar reikalinga informacija.<\/p>\n<p><strong>Pastabos ir pasi\u016blymai:<\/strong><\/p>\n<p>D\u0117kojame u\u017e j\u016bs\u0173 komentarus ir pasi\u016blymus tobulinti QuemLiga.PT. Jei norite pasidalinti savo mintimis ar pateikti bendr\u0173 pasi\u016blym\u0173, nedvejodami ra\u0161ykite mums el <strong><a href=\"mailto:contato@es.quemliga.pt\" target=\"_new\" rel=\"noopener\">contato@es.quemliga.pt<\/a><\/strong>.<\/p>\n<p><strong>\u012ena\u0161ai ir sve\u010di\u0173 \u012fra\u0161ai:<\/strong><\/p>\n<p>Jei turite svarbios informacijos ir nor\u0117tum\u0117te prisid\u0117ti prie QuemLiga.PT straipsniais ar informacija, susisiekite su mumis el. <strong><a href=\"mailto:contato@es.quemliga.pt\" target=\"_new\" rel=\"noopener\">contato@es.quemliga.pt<\/a><\/strong>. Mes visada ie\u0161kome bendradarbi\u0173, kurie gal\u0117t\u0173 praturtinti m\u016bs\u0173 turin\u012f.<\/p>\n<p><strong>Partneryst\u0117s u\u017eklausos:<\/strong><\/p>\n<p>Kilus klausimams d\u0117l partneryst\u0117s ar kit\u0173 bendradarbiavimo galimybi\u0173, susisiekite su mumis el <strong><a href=\"mailto:contato@es.quemliga.pt\" target=\"_new\" rel=\"noopener\">contato@es.quemliga.pt<\/a><\/strong>. Esame atviri naujoms id\u0117joms ir bendradarbiavimui, kurie gali b\u016bti naudingi m\u016bs\u0173 vartotojams.<\/p>\n<p>D\u0117kojame, kad apsilank\u0117te QuemLiga.PT. Laukiame J\u016bs\u0173 kontakt\u0173 ir visada pasiruo\u0161\u0119 Jus aptarnauti geriausiu \u012fmanomu b\u016bdu.<\/p>","protected":false},"excerpt":{"rendered":"<p>D\u0117kojame, kad domit\u0117s \u201eQuemLiga.PT\u201c. Jei turite klausim\u0173, pastab\u0173 ar pasi\u016blym\u0173, nedvejodami susisiekite su mumis. Mes labai vertiname j\u016bs\u0173 atsiliepimus,\u2026<\/p>","protected":false},"author":1,"featured_media":0,"parent":0,"menu_order":0,"comment_status":"closed","ping_status":"closed","template":"","meta":{"footnotes":""},"class_list":["post-921","page","type-page","status-publish","hentry"],"_links":{"self":[{"href":"https:\/\/es.quemliga.pt\/lt\/wp-json\/wp\/v2\/pages\/921","targetHints":{"allow":["GET"]}}],"collection":[{"href":"https:\/\/es.quemliga.pt\/lt\/wp-json\/wp\/v2\/pages"}],"about":[{"href":"https:\/\/es.quemliga.pt\/lt\/wp-json\/wp\/v2\/types\/page"}],"author":[{"embeddable":true,"href":"https:\/\/es.quemliga.pt\/lt\/wp-json\/wp\/v2\/users\/1"}],"replies":[{"embeddable":true,"href":"https:\/\/es.quemliga.pt\/lt\/wp-json\/wp\/v2\/comments?post=921"}],"version-history":[{"count":2,"href":"https:\/\/es.quemliga.pt\/lt\/wp-json\/wp\/v2\/pages\/921\/revisions"}],"predecessor-version":[{"id":967,"href":"https:\/\/es.quemliga.pt\/lt\/wp-json\/wp\/v2\/pages\/921\/revisions\/967"}],"wp:attachment":[{"href":"https:\/\/es.quemliga.pt\/lt\/wp-json\/wp\/v2\/media?parent=921"}],"curies":[{"name":"wp","href":"https:\/\/api.w.org\/{rel}","templated":true}]}}