{"id":921,"date":"2023-10-23T20:59:36","date_gmt":"2023-10-23T23:59:36","guid":{"rendered":"https:\/\/es.quemliga.pt\/?page_id=921"},"modified":"2023-10-23T22:22:51","modified_gmt":"2023-10-24T01:22:51","slug":"contato","status":"publish","type":"page","link":"https:\/\/es.quemliga.pt\/fr\/contato\/","title":{"rendered":"Contact"},"content":{"rendered":"<p>Merci de votre int\u00e9r\u00eat pour \u00ab QuemLiga.PT \u00bb. Si vous avez des questions, des commentaires ou des suggestions, n&#039;h\u00e9sitez pas \u00e0 nous contacter. Nous appr\u00e9cions grandement vos commentaires car nous nous effor\u00e7ons de fournir des informations pertinentes et de qualit\u00e9.<\/p>\n<p><strong>Assistance par e-mail\u00a0:<\/strong><\/p>\n<p>Pour toute question, vous pouvez contacter notre \u00e9quipe d&#039;assistance d\u00e9di\u00e9e par e-mail \u00e0 <strong><a href=\"mailto:contato@es.quemliga.pt\" target=\"_new\" rel=\"noopener\">contact@es.quemliga.pt<\/a><\/strong>. Notre objectif est de r\u00e9pondre rapidement \u00e0 vos e-mails et de vous fournir une assistance pour toute question ou information dont vous avez besoin.<\/p>\n<p><strong>Commentaires et suggestions:<\/strong><\/p>\n<p>Nous appr\u00e9cions vos commentaires et suggestions pour am\u00e9liorer QuemLiga.PT. Si vous souhaitez partager vos r\u00e9flexions ou fournir des suggestions g\u00e9n\u00e9rales, n&#039;h\u00e9sitez pas \u00e0 nous envoyer un e-mail \u00e0 <strong><a href=\"mailto:contato@es.quemliga.pt\" target=\"_new\" rel=\"noopener\">contact@es.quemliga.pt<\/a><\/strong>.<\/p>\n<p><strong>Contributions et messages d&#039;invit\u00e9s\u00a0:<\/strong><\/p>\n<p>Si vous disposez d&#039;informations pertinentes et souhaitez contribuer \u00e0 QuemLiga.PT avec des articles ou des informations, veuillez nous contacter par e-mail. <strong><a href=\"mailto:contato@es.quemliga.pt\" target=\"_new\" rel=\"noopener\">contact@es.quemliga.pt<\/a><\/strong>. Nous sommes toujours \u00e0 la recherche de collaborateurs capables d&#039;enrichir notre contenu.<\/p>\n<p><strong>Demandes de partenariat\u00a0:<\/strong><\/p>\n<p>Pour toute demande concernant des partenariats ou d\u2019autres opportunit\u00e9s de collaboration, veuillez nous contacter \u00e0 <strong><a href=\"mailto:contato@es.quemliga.pt\" target=\"_new\" rel=\"noopener\">contact@es.quemliga.pt<\/a><\/strong>. Nous sommes ouverts aux nouvelles id\u00e9es et collaborations qui peuvent profiter \u00e0 nos utilisateurs.<\/p>\n<p>Merci d&#039;avoir visit\u00e9 QuemLiga.PT. Nous attendons votre contact et sommes toujours pr\u00eats \u00e0 vous servir de la meilleure fa\u00e7on possible.<\/p>","protected":false},"excerpt":{"rendered":"<p>Merci de votre int\u00e9r\u00eat pour \u00ab QuemLiga.PT \u00bb. Si vous avez des questions, des commentaires ou des suggestions, n&#039;h\u00e9sitez pas \u00e0 nous contacter. Nous appr\u00e9cions vraiment vos commentaires,\u2026<\/p>","protected":false},"author":1,"featured_media":0,"parent":0,"menu_order":0,"comment_status":"closed","ping_status":"closed","template":"","meta":{"footnotes":""},"class_list":["post-921","page","type-page","status-publish","hentry"],"_links":{"self":[{"href":"https:\/\/es.quemliga.pt\/fr\/wp-json\/wp\/v2\/pages\/921","targetHints":{"allow":["GET"]}}],"collection":[{"href":"https:\/\/es.quemliga.pt\/fr\/wp-json\/wp\/v2\/pages"}],"about":[{"href":"https:\/\/es.quemliga.pt\/fr\/wp-json\/wp\/v2\/types\/page"}],"author":[{"embeddable":true,"href":"https:\/\/es.quemliga.pt\/fr\/wp-json\/wp\/v2\/users\/1"}],"replies":[{"embeddable":true,"href":"https:\/\/es.quemliga.pt\/fr\/wp-json\/wp\/v2\/comments?post=921"}],"version-history":[{"count":2,"href":"https:\/\/es.quemliga.pt\/fr\/wp-json\/wp\/v2\/pages\/921\/revisions"}],"predecessor-version":[{"id":967,"href":"https:\/\/es.quemliga.pt\/fr\/wp-json\/wp\/v2\/pages\/921\/revisions\/967"}],"wp:attachment":[{"href":"https:\/\/es.quemliga.pt\/fr\/wp-json\/wp\/v2\/media?parent=921"}],"curies":[{"name":"wp","href":"https:\/\/api.w.org\/{rel}","templated":true}]}}