{"id":970,"date":"2023-10-23T22:27:27","date_gmt":"2023-10-24T01:27:27","guid":{"rendered":"https:\/\/es.quemliga.pt\/?page_id=970"},"modified":"2025-04-30T17:55:06","modified_gmt":"2025-04-30T20:55:06","slug":"descargo-de-responsabilidad","status":"publish","type":"page","link":"https:\/\/es.quemliga.pt\/et\/descargo-de-responsabilidad\/","title":{"rendered":"Descargo de Responsabilidad"},"content":{"rendered":"<h3 class=\"\" data-start=\"197\" data-end=\"227\">Aceptaci\u00f3n de los T\u00e9rminos<\/h3>\n<p class=\"\" data-start=\"229\" data-end=\"468\">Al navegar y utilizar el sitio \u201cQuemLiga.PT\u201d (\u201cSitio\u201d), aceptas y est\u00e1s de acuerdo con los t\u00e9rminos y condiciones establecidos en este Descargo de Responsabilidad. Si no est\u00e1s de acuerdo con estos t\u00e9rminos, por favor, no utilices el Sitio.<\/p>\n<h3 class=\"\" data-start=\"470\" data-end=\"498\">Integridad del Contenido<\/h3>\n<p class=\"\" data-start=\"500\" data-end=\"872\">La informaci\u00f3n disponible en QuemLiga.PT es proporcionada \u00fanicamente con fines informativos generales. Aunque nos esforzamos por mantener la informaci\u00f3n actualizada y precisa, no ofrecemos garant\u00edas de ning\u00fan tipo, expresas o impl\u00edcitas, sobre la integridad, exactitud, fiabilidad o disponibilidad de la informaci\u00f3n, productos, servicios o gr\u00e1ficos contenidos en el Sitio.<\/p>\n<h3 class=\"\" data-start=\"874\" data-end=\"914\">Responsabilidad sobre la Informaci\u00f3n<\/h3>\n<p class=\"\" data-start=\"916\" data-end=\"1092\">El uso de la informaci\u00f3n disponible en QuemLiga.PT es bajo tu total responsabilidad. No seremos responsables por ninguna p\u00e9rdida o da\u00f1o relacionado con el uso de nuestro Sitio.<\/p>\n<h3 class=\"\" data-start=\"1094\" data-end=\"1120\">Enlaces a Otros Sitios<\/h3>\n<p class=\"\" data-start=\"1122\" data-end=\"1372\">QuemLiga.PT puede contener enlaces a sitios externos que no son operados por nosotros. No tenemos control sobre el contenido, las pol\u00edticas de privacidad o las pr\u00e1cticas de ning\u00fan sitio o servicio de terceros, y no asumimos responsabilidad por ellos.<\/p>\n<h3 class=\"\" data-start=\"1374\" data-end=\"1402\">Divulgaci\u00f3n de Afiliados<\/h3>\n<p class=\"\" data-start=\"1404\" data-end=\"1619\">QuemLiga.PT puede participar en programas de afiliados y recibir comisiones por compras realizadas a trav\u00e9s de los enlaces presentes en nuestro Sitio. Estas comisiones ayudan a mantener y respaldar nuestro proyecto.<\/p>\n<h3 class=\"\" data-start=\"1621\" data-end=\"1666\">Cambios en el Descargo de Responsabilidad<\/h3>\n<p class=\"\" data-start=\"1668\" data-end=\"1978\">QuemLiga.PT se reserva el derecho de realizar cambios en este Descargo de Responsabilidad en cualquier momento. Te recomendamos revisar esta p\u00e1gina con frecuencia para estar al tanto de cualquier actualizaci\u00f3n. El uso continuo del Sitio despu\u00e9s de la publicaci\u00f3n de cambios implica tu aceptaci\u00f3n de los mismos.<\/p>\n<h3 class=\"\" data-start=\"1980\" data-end=\"1995\">Cont\u00e1ctanos<\/h3>\n<p class=\"\" data-start=\"1997\" data-end=\"2158\">Si tienes alguna duda o consulta relacionada con este Descargo de Responsabilidad, por favor cont\u00e1ctanos a trav\u00e9s del correo electr\u00f3nico: <a rel=\"noopener\" data-start=\"2135\" data-end=\"2158\">contacto@es.quemliga.pt<\/a><\/p>\n<h3 class=\"\" data-start=\"2160\" data-end=\"2187\">Consideraciones Finales<\/h3>\n<p class=\"\" data-start=\"2189\" data-end=\"2480\">La informaci\u00f3n en QuemLiga.PT se ofrece con el objetivo de informar e inspirar. No debe interpretarse como asesoramiento profesional. Para cuestiones espec\u00edficas, siempre consulta a profesionales especializados. El uso de este Sitio implica la aceptaci\u00f3n de este Descargo de Responsabilidad.<\/p>","protected":false},"excerpt":{"rendered":"<p>Aceptaci\u00f3n de los T\u00e9rminos Al navegar y utilizar el sitio \u201cQuemLiga.PT\u201d (\u201cSitio\u201d), aceptas y est\u00e1s de acuerdo con los t\u00e9rminos y condiciones establecidos en este&#8230;<\/p>","protected":false},"author":1,"featured_media":0,"parent":0,"menu_order":0,"comment_status":"closed","ping_status":"closed","template":"","meta":{"footnotes":""},"class_list":["post-970","page","type-page","status-publish","hentry"],"_links":{"self":[{"href":"https:\/\/es.quemliga.pt\/et\/wp-json\/wp\/v2\/pages\/970","targetHints":{"allow":["GET"]}}],"collection":[{"href":"https:\/\/es.quemliga.pt\/et\/wp-json\/wp\/v2\/pages"}],"about":[{"href":"https:\/\/es.quemliga.pt\/et\/wp-json\/wp\/v2\/types\/page"}],"author":[{"embeddable":true,"href":"https:\/\/es.quemliga.pt\/et\/wp-json\/wp\/v2\/users\/1"}],"replies":[{"embeddable":true,"href":"https:\/\/es.quemliga.pt\/et\/wp-json\/wp\/v2\/comments?post=970"}],"version-history":[{"count":3,"href":"https:\/\/es.quemliga.pt\/et\/wp-json\/wp\/v2\/pages\/970\/revisions"}],"predecessor-version":[{"id":1440,"href":"https:\/\/es.quemliga.pt\/et\/wp-json\/wp\/v2\/pages\/970\/revisions\/1440"}],"wp:attachment":[{"href":"https:\/\/es.quemliga.pt\/et\/wp-json\/wp\/v2\/media?parent=970"}],"curies":[{"name":"wp","href":"https:\/\/api.w.org\/{rel}","templated":true}]}}