{"id":921,"date":"2023-10-23T20:59:36","date_gmt":"2023-10-23T23:59:36","guid":{"rendered":"https:\/\/es.quemliga.pt\/?page_id=921"},"modified":"2023-10-23T22:22:51","modified_gmt":"2023-10-24T01:22:51","slug":"contato","status":"publish","type":"page","link":"https:\/\/es.quemliga.pt\/et\/contato\/","title":{"rendered":"V\u00f5tke \u00fchendust"},"content":{"rendered":"<p>T\u00e4name, et tunnete huvi &quot;QuemLiga.PT&quot; vastu. Kui teil on k\u00fcsimusi, kommentaare v\u00f5i ettepanekuid, v\u00f5tke meiega kindlasti \u00fchendust. Hindame v\u00e4ga teie tagasisidet, kuna p\u00fc\u00fcame pakkuda kvaliteetset ja asjakohast teavet.<\/p>\n<p><strong>Meili tugi:<\/strong><\/p>\n<p>K\u00fcsimuste korral v\u00f5ite \u00fchendust v\u00f5tta meie spetsiaalse tugimeeskonnaga e-posti teel aadressil <strong><a href=\"mailto:contato@es.quemliga.pt\" target=\"_new\" rel=\"noopener\">contato@es.quemliga.pt<\/a><\/strong>. Meie eesm\u00e4rk on teie meilidele kiiresti vastata ja abistada mis tahes k\u00fcsimuste v\u00f5i teabega, mida vajate.<\/p>\n<p><strong>Kommentaarid ja soovitused:<\/strong><\/p>\n<p>Oleme t\u00e4nulikud teie kommentaaride ja ettepanekute eest QuemLiga.PT t\u00e4iustamiseks. Kui soovite jagada oma m\u00f5tteid v\u00f5i anda \u00fcldisi soovitusi, saatke meile e-kiri aadressil <strong><a href=\"mailto:contato@es.quemliga.pt\" target=\"_new\" rel=\"noopener\">contato@es.quemliga.pt<\/a><\/strong>.<\/p>\n<p><strong>Kaast\u00f6\u00f6d ja k\u00fclaliste postitused:<\/strong><\/p>\n<p>Kui teil on asjakohast teavet ja soovite QuemLiga.PT-le artiklite v\u00f5i teabega panustada, v\u00f5tke meiega \u00fchendust e-posti teel <strong><a href=\"mailto:contato@es.quemliga.pt\" target=\"_new\" rel=\"noopener\">contato@es.quemliga.pt<\/a><\/strong>. Otsime alati kaast\u00f6\u00f6lisi, kes saaksid meie sisu rikastada.<\/p>\n<p><strong>Partnerlusp\u00e4ringud:<\/strong><\/p>\n<p>Partnerlussuhete v\u00f5i muude koost\u00f6\u00f6v\u00f5imaluste kohta k\u00fcsimuste korral v\u00f5tke meiega \u00fchendust aadressil <strong><a href=\"mailto:contato@es.quemliga.pt\" target=\"_new\" rel=\"noopener\">contato@es.quemliga.pt<\/a><\/strong>. Oleme avatud uutele ideedele ja koost\u00f6\u00f6le, mis v\u00f5ivad meie kasutajatele kasu tuua.<\/p>\n<p>T\u00e4name, et k\u00fclastasite QuemLiga.PT-d. Ootame teie kontakti ja oleme alati valmis teid parimal v\u00f5imalikul viisil teenindama.<\/p>","protected":false},"excerpt":{"rendered":"<p>T\u00e4name, et tunnete huvi &quot;QuemLiga.PT&quot; vastu. Kui teil on k\u00fcsimusi, kommentaare v\u00f5i ettepanekuid, v\u00f5tke meiega kindlasti \u00fchendust. Hindame v\u00e4ga teie tagasisidet,\u2026<\/p>","protected":false},"author":1,"featured_media":0,"parent":0,"menu_order":0,"comment_status":"closed","ping_status":"closed","template":"","meta":{"footnotes":""},"class_list":["post-921","page","type-page","status-publish","hentry"],"_links":{"self":[{"href":"https:\/\/es.quemliga.pt\/et\/wp-json\/wp\/v2\/pages\/921","targetHints":{"allow":["GET"]}}],"collection":[{"href":"https:\/\/es.quemliga.pt\/et\/wp-json\/wp\/v2\/pages"}],"about":[{"href":"https:\/\/es.quemliga.pt\/et\/wp-json\/wp\/v2\/types\/page"}],"author":[{"embeddable":true,"href":"https:\/\/es.quemliga.pt\/et\/wp-json\/wp\/v2\/users\/1"}],"replies":[{"embeddable":true,"href":"https:\/\/es.quemliga.pt\/et\/wp-json\/wp\/v2\/comments?post=921"}],"version-history":[{"count":2,"href":"https:\/\/es.quemliga.pt\/et\/wp-json\/wp\/v2\/pages\/921\/revisions"}],"predecessor-version":[{"id":967,"href":"https:\/\/es.quemliga.pt\/et\/wp-json\/wp\/v2\/pages\/921\/revisions\/967"}],"wp:attachment":[{"href":"https:\/\/es.quemliga.pt\/et\/wp-json\/wp\/v2\/media?parent=921"}],"curies":[{"name":"wp","href":"https:\/\/api.w.org\/{rel}","templated":true}]}}