{"id":921,"date":"2023-10-23T20:59:36","date_gmt":"2023-10-23T23:59:36","guid":{"rendered":"https:\/\/es.quemliga.pt\/?page_id=921"},"modified":"2023-10-23T22:22:51","modified_gmt":"2023-10-24T01:22:51","slug":"contato","status":"publish","type":"page","link":"https:\/\/es.quemliga.pt\/es\/contato\/","title":{"rendered":"Contacto"},"content":{"rendered":"<p>Gracias por su inter\u00e9s en \u201cQuemLiga.PT\u201d. Si tiene alguna pregunta, comentario o sugerencia, no dude en contactarnos. Valoramos enormemente sus comentarios ya que nos esforzamos por brindar informaci\u00f3n relevante y de calidad.<\/p>\n<p><strong>Soporte por correo electr\u00f3nico:<\/strong><\/p>\n<p>Para cualquier consulta, puede ponerse en contacto con nuestro equipo de soporte dedicado por correo electr\u00f3nico a <strong><a href=\"mailto:contato@es.quemliga.pt\" target=\"_new\" rel=\"noopener\">contacto@es.quemliga.pt<\/a><\/strong>. Nuestro objetivo es responder r\u00e1pidamente a sus correos electr\u00f3nicos y brindarle asistencia con cualquier pregunta o informaci\u00f3n que necesite.<\/p>\n<p><strong>Comentarios y sugerencias:<\/strong><\/p>\n<p>Agradecemos sus comentarios y sugerencias para mejorar QuemLiga.PT. Si desea compartir sus ideas o brindar sugerencias generales, no dude en enviarnos un correo electr\u00f3nico a <strong><a href=\"mailto:contato@es.quemliga.pt\" target=\"_new\" rel=\"noopener\">contacto@es.quemliga.pt<\/a><\/strong>.<\/p>\n<p><strong>Contribuciones y publicaciones invitadas:<\/strong><\/p>\n<p>Si tiene informaci\u00f3n relevante y desea contribuir a QuemLiga.PT con art\u00edculos o informaci\u00f3n, cont\u00e1ctenos por correo electr\u00f3nico. <strong><a href=\"mailto:contato@es.quemliga.pt\" target=\"_new\" rel=\"noopener\">contacto@es.quemliga.pt<\/a><\/strong>. Siempre estamos buscando colaboradores que puedan enriquecer nuestro contenido.<\/p>\n<p><strong>Consultas de asociaci\u00f3n:<\/strong><\/p>\n<p>Para consultas sobre asociaciones u otras oportunidades de colaboraci\u00f3n, cont\u00e1ctenos por correo electr\u00f3nico. <strong><a href=\"mailto:contato@es.quemliga.pt\" target=\"_new\" rel=\"noopener\">contacto@es.quemliga.pt<\/a><\/strong>. Estamos abiertos a nuevas ideas y colaboraciones que puedan beneficiar a nuestros usuarios.<\/p>\n<p>Gracias por visitar QuemLiga.PT. Esperamos saber de usted y siempre estamos listos para servirle de la mejor manera posible.<\/p>","protected":false},"excerpt":{"rendered":"<p>Gracias por su inter\u00e9s en \u201cQuemLiga.PT\u201d. Si tiene alguna pregunta, comentario o sugerencia, no dude en contactarnos. Realmente valoramos sus comentarios,\u2026<\/p>","protected":false},"author":1,"featured_media":0,"parent":0,"menu_order":0,"comment_status":"closed","ping_status":"closed","template":"","meta":{"footnotes":""},"class_list":["post-921","page","type-page","status-publish","hentry"],"_links":{"self":[{"href":"https:\/\/es.quemliga.pt\/es\/wp-json\/wp\/v2\/pages\/921","targetHints":{"allow":["GET"]}}],"collection":[{"href":"https:\/\/es.quemliga.pt\/es\/wp-json\/wp\/v2\/pages"}],"about":[{"href":"https:\/\/es.quemliga.pt\/es\/wp-json\/wp\/v2\/types\/page"}],"author":[{"embeddable":true,"href":"https:\/\/es.quemliga.pt\/es\/wp-json\/wp\/v2\/users\/1"}],"replies":[{"embeddable":true,"href":"https:\/\/es.quemliga.pt\/es\/wp-json\/wp\/v2\/comments?post=921"}],"version-history":[{"count":2,"href":"https:\/\/es.quemliga.pt\/es\/wp-json\/wp\/v2\/pages\/921\/revisions"}],"predecessor-version":[{"id":967,"href":"https:\/\/es.quemliga.pt\/es\/wp-json\/wp\/v2\/pages\/921\/revisions\/967"}],"wp:attachment":[{"href":"https:\/\/es.quemliga.pt\/es\/wp-json\/wp\/v2\/media?parent=921"}],"curies":[{"name":"wp","href":"https:\/\/api.w.org\/{rel}","templated":true}]}}