{"id":974,"date":"2023-10-23T22:28:22","date_gmt":"2023-10-24T01:28:22","guid":{"rendered":"https:\/\/es.quemliga.pt\/?page_id=974"},"modified":"2025-04-30T17:46:50","modified_gmt":"2025-04-30T20:46:50","slug":"sobre","status":"publish","type":"page","link":"https:\/\/es.quemliga.pt\/en\/sobre\/","title":{"rendered":"Bienvenido a QuemLiga.PT"},"content":{"rendered":"<h4 class=\"\" data-start=\"255\" data-end=\"276\">Nuestra misi\u00f3n<\/h4>\n<p class=\"\" data-start=\"277\" data-end=\"528\">En QuemLiga.PT, nuestra misi\u00f3n es empoderar a los usuarios con informaci\u00f3n relevante y actualizada, permiti\u00e9ndoles navegar con seguridad en el mundo digital. Creemos que el conocimiento es la clave para tomar decisiones informadas y mantenerse al d\u00eda.<\/p>\n<h4 class=\"\" data-start=\"530\" data-end=\"553\">Lo que ofrecemos<\/h4>\n<ul data-start=\"554\" data-end=\"1038\">\n<li class=\"\" data-start=\"554\" data-end=\"708\">\n<p class=\"\" data-start=\"556\" data-end=\"708\"><strong data-start=\"556\" data-end=\"585\">Art\u00edculos en profundidad:<\/strong> Publicamos an\u00e1lisis, gu\u00edas y contenidos detallados sobre una amplia variedad de temas, para que est\u00e9s siempre informado.<\/p>\n<\/li>\n<li class=\"\" data-start=\"709\" data-end=\"889\">\n<p class=\"\" data-start=\"711\" data-end=\"889\"><strong data-start=\"711\" data-end=\"741\">Construcci\u00f3n de comunidad:<\/strong> QuemLiga.PT no es solo un sitio web; es una comunidad. Con\u00e9ctate con otros usuarios, comparte ideas y participa en conversaciones significativas.<\/p>\n<\/li>\n<li class=\"\" data-start=\"890\" data-end=\"1038\">\n<p class=\"\" data-start=\"892\" data-end=\"1038\"><strong data-start=\"892\" data-end=\"920\">Recursos de aprendizaje:<\/strong> Ya seas principiante o experto, ofrecemos herramientas y materiales educativos para todos los niveles de experiencia.<\/p>\n<\/li>\n<\/ul>\n<h4 class=\"\" data-start=\"1040\" data-end=\"1065\">Nuestro compromiso<\/h4>\n<p class=\"\" data-start=\"1066\" data-end=\"1247\">Nos comprometemos a ofrecer informaci\u00f3n precisa, confiable y \u00fatil, creando un entorno en el que nuestros usuarios puedan encontrar respuestas y soluciones a sus dudas y necesidades.<\/p>\n<h4 class=\"\" data-start=\"1249\" data-end=\"1277\">\u00danete a nuestro viaje<\/h4>\n<p class=\"\" data-start=\"1278\" data-end=\"1478\">En QuemLiga.PT, somos m\u00e1s que un portal de informaci\u00f3n: somos una plataforma dedicada a servir, informar y conectar. Te invitamos a acompa\u00f1arnos en este viaje de descubrimiento y aprendizaje continuo.<\/p>\n<h4 class=\"\" data-start=\"1480\" data-end=\"1494\">Gracias<\/h4>\n<p class=\"\" data-start=\"1495\" data-end=\"1705\">Queremos expresar nuestro m\u00e1s sincero agradecimiento a todos los usuarios y miembros de la comunidad que hacen de QuemLiga.PT lo que es. Su confianza y participaci\u00f3n nos inspiran a seguir creciendo e innovando.<\/p>\n<p class=\"\" data-start=\"1707\" data-end=\"1759\"><strong data-start=\"1707\" data-end=\"1759\">Descubre, inf\u00f3rmate y con\u00e9ctate con QuemLiga.PT.<\/strong><\/p>","protected":false},"excerpt":{"rendered":"<p>Nuestra misi\u00f3n En QuemLiga.PT, nuestra misi\u00f3n es empoderar a los usuarios con informaci\u00f3n relevante y actualizada, permiti\u00e9ndoles navegar con seguridad en el mundo digital. Creemos&#8230;<\/p>","protected":false},"author":1,"featured_media":0,"parent":0,"menu_order":0,"comment_status":"closed","ping_status":"closed","template":"","meta":{"footnotes":""},"class_list":["post-974","page","type-page","status-publish","hentry"],"_links":{"self":[{"href":"https:\/\/es.quemliga.pt\/en\/wp-json\/wp\/v2\/pages\/974","targetHints":{"allow":["GET"]}}],"collection":[{"href":"https:\/\/es.quemliga.pt\/en\/wp-json\/wp\/v2\/pages"}],"about":[{"href":"https:\/\/es.quemliga.pt\/en\/wp-json\/wp\/v2\/types\/page"}],"author":[{"embeddable":true,"href":"https:\/\/es.quemliga.pt\/en\/wp-json\/wp\/v2\/users\/1"}],"replies":[{"embeddable":true,"href":"https:\/\/es.quemliga.pt\/en\/wp-json\/wp\/v2\/comments?post=974"}],"version-history":[{"count":2,"href":"https:\/\/es.quemliga.pt\/en\/wp-json\/wp\/v2\/pages\/974\/revisions"}],"predecessor-version":[{"id":1436,"href":"https:\/\/es.quemliga.pt\/en\/wp-json\/wp\/v2\/pages\/974\/revisions\/1436"}],"wp:attachment":[{"href":"https:\/\/es.quemliga.pt\/en\/wp-json\/wp\/v2\/media?parent=974"}],"curies":[{"name":"wp","href":"https:\/\/api.w.org\/{rel}","templated":true}]}}