{"id":921,"date":"2023-10-23T20:59:36","date_gmt":"2023-10-23T23:59:36","guid":{"rendered":"https:\/\/es.quemliga.pt\/?page_id=921"},"modified":"2023-10-23T22:22:51","modified_gmt":"2023-10-24T01:22:51","slug":"contato","status":"publish","type":"page","link":"https:\/\/es.quemliga.pt\/de_ch\/contato\/","title":{"rendered":"Kontakt"},"content":{"rendered":"<p>Vielen Dank f\u00fcr Ihr Interesse an \u201eQuemLiga.PT\u201c. Wenn Sie Fragen, Kommentare oder Anregungen haben, z\u00f6gern Sie nicht, uns zu kontaktieren. Wir sch\u00e4tzen Ihr Feedback sehr, da wir bestrebt sind, qualitativ hochwertige und relevante Informationen bereitzustellen.<\/p>\n<p><strong>Email Unterst\u00fctzung:<\/strong><\/p>\n<p>Bei Fragen k\u00f6nnen Sie sich per E-Mail an unser engagiertes Support-Team wenden <strong><a href=\"mailto:contato@es.quemliga.pt\" target=\"_new\" rel=\"noopener\">contato@es.quemliga.pt<\/a><\/strong>. Unser Ziel ist es, umgehend auf Ihre E-Mails zu antworten und Ihnen bei allen Fragen oder Informationen behilflich zu sein, die Sie ben\u00f6tigen.<\/p>\n<p><strong>Kommentare und Vorschl\u00e4ge:<\/strong><\/p>\n<p>Wir freuen uns \u00fcber Ihre Kommentare und Vorschl\u00e4ge zur Verbesserung von QuemLiga.PT. Wenn Sie Ihre Gedanken mitteilen oder allgemeine Vorschl\u00e4ge machen m\u00f6chten, senden Sie uns bitte eine E-Mail an <strong><a href=\"mailto:contato@es.quemliga.pt\" target=\"_new\" rel=\"noopener\">contato@es.quemliga.pt<\/a><\/strong>.<\/p>\n<p><strong>Beitr\u00e4ge und Gastbeitr\u00e4ge:<\/strong><\/p>\n<p>Wenn Sie \u00fcber relevante Informationen verf\u00fcgen und mit Artikeln oder Informationen zu QuemLiga.PT beitragen m\u00f6chten, kontaktieren Sie uns bitte per E-Mail <strong><a href=\"mailto:contato@es.quemliga.pt\" target=\"_new\" rel=\"noopener\">contato@es.quemliga.pt<\/a><\/strong>. Wir sind immer auf der Suche nach Mitarbeitern, die unsere Inhalte bereichern k\u00f6nnen.<\/p>\n<p><strong>Partnerschaftsanfragen:<\/strong><\/p>\n<p>F\u00fcr Anfragen zu Partnerschaften oder anderen M\u00f6glichkeiten der Zusammenarbeit kontaktieren Sie uns bitte unter <strong><a href=\"mailto:contato@es.quemliga.pt\" target=\"_new\" rel=\"noopener\">contato@es.quemliga.pt<\/a><\/strong>. Wir sind offen f\u00fcr neue Ideen und Kooperationen, von denen unsere Nutzer profitieren k\u00f6nnen.<\/p>\n<p>Vielen Dank f\u00fcr Ihren Besuch auf QuemLiga.PT. Wir erwarten Ihre Kontaktaufnahme und sind jederzeit bereit, Sie bestm\u00f6glich zu bedienen.<\/p>","protected":false},"excerpt":{"rendered":"<p>Vielen Dank f\u00fcr Ihr Interesse an \u201eQuemLiga.PT\u201c. Wenn Sie Fragen, Kommentare oder Anregungen haben, z\u00f6gern Sie nicht, uns zu kontaktieren. Wir sch\u00e4tzen Ihr Feedback sehr,\u2026<\/p>","protected":false},"author":1,"featured_media":0,"parent":0,"menu_order":0,"comment_status":"closed","ping_status":"closed","template":"","meta":{"footnotes":""},"class_list":["post-921","page","type-page","status-publish","hentry"],"_links":{"self":[{"href":"https:\/\/es.quemliga.pt\/de_ch\/wp-json\/wp\/v2\/pages\/921","targetHints":{"allow":["GET"]}}],"collection":[{"href":"https:\/\/es.quemliga.pt\/de_ch\/wp-json\/wp\/v2\/pages"}],"about":[{"href":"https:\/\/es.quemliga.pt\/de_ch\/wp-json\/wp\/v2\/types\/page"}],"author":[{"embeddable":true,"href":"https:\/\/es.quemliga.pt\/de_ch\/wp-json\/wp\/v2\/users\/1"}],"replies":[{"embeddable":true,"href":"https:\/\/es.quemliga.pt\/de_ch\/wp-json\/wp\/v2\/comments?post=921"}],"version-history":[{"count":2,"href":"https:\/\/es.quemliga.pt\/de_ch\/wp-json\/wp\/v2\/pages\/921\/revisions"}],"predecessor-version":[{"id":967,"href":"https:\/\/es.quemliga.pt\/de_ch\/wp-json\/wp\/v2\/pages\/921\/revisions\/967"}],"wp:attachment":[{"href":"https:\/\/es.quemliga.pt\/de_ch\/wp-json\/wp\/v2\/media?parent=921"}],"curies":[{"name":"wp","href":"https:\/\/api.w.org\/{rel}","templated":true}]}}