{"id":972,"date":"2023-10-23T22:27:59","date_gmt":"2023-10-24T01:27:59","guid":{"rendered":"https:\/\/es.quemliga.pt\/?page_id=972"},"modified":"2025-04-30T17:49:48","modified_gmt":"2025-04-30T20:49:48","slug":"politica-de-privacidad","status":"publish","type":"page","link":"https:\/\/es.quemliga.pt\/cs\/politica-de-privacidad\/","title":{"rendered":"Pol\u00edtica de Privacidad"},"content":{"rendered":"<p class=\"\" data-start=\"210\" data-end=\"517\">En <strong data-start=\"213\" data-end=\"228\">QuemLiga.PT<\/strong>, accesible en <a class=\"\" href=\"https:\/\/es.quemliga.pt\/cs\/\" target=\"_new\" rel=\"noopener\" data-start=\"243\" data-end=\"291\">https:\/\/es.quemliga.pt<\/a>, una de nuestras principales prioridades es la privacidad de nuestros visitantes. Este documento de Pol\u00edtica de Privacidad contiene tipos de informaci\u00f3n que son recopiladas y registradas por QuemLiga.PT y c\u00f3mo las utilizamos.<\/p>\r\n<p class=\"\" data-start=\"519\" data-end=\"642\">Si tienes preguntas adicionales o necesitas m\u00e1s informaci\u00f3n sobre nuestra Pol\u00edtica de Privacidad, no dudes en contactarnos.<\/p>\r\n<p class=\"\" data-start=\"644\" data-end=\"982\">Esta Pol\u00edtica de Privacidad se aplica \u00fanicamente a nuestras actividades en l\u00ednea y es v\u00e1lida para los visitantes de nuestro sitio web en relaci\u00f3n con la informaci\u00f3n que compartieron y\/o recopilaron en QuemLiga.PT. Esta pol\u00edtica no se aplica a ninguna informaci\u00f3n recopilada fuera de l\u00ednea o a trav\u00e9s de canales distintos a este sitio web.<\/p>\r\n<h3 class=\"wp-block-heading\" data-start=\"984\" data-end=\"1002\">Consentimiento<\/h3>\r\n<p class=\"\" data-start=\"1004\" data-end=\"1110\">Al utilizar nuestro sitio web, aceptas nuestra Pol\u00edtica de Privacidad y est\u00e1s de acuerdo con sus t\u00e9rminos.<\/p>\r\n<h3 class=\"\" data-start=\"1112\" data-end=\"1143\">Informaci\u00f3n que recopilamos<\/h3>\r\n<p class=\"\" data-start=\"1145\" data-end=\"1334\">La informaci\u00f3n personal que se te solicita proporcionar y las razones por las cuales se te solicita se te aclarar\u00e1n en el momento en que te pidamos que proporciones tu informaci\u00f3n personal.<\/p>\r\n<p class=\"\" data-start=\"1336\" data-end=\"1607\">Si nos contactas directamente, podemos recibir informaci\u00f3n adicional sobre ti, como tu nombre, direcci\u00f3n de correo electr\u00f3nico, n\u00famero de tel\u00e9fono, el contenido del mensaje y\/o archivos adjuntos que puedas enviarnos, y cualquier otra informaci\u00f3n que decidas proporcionar.<\/p>\r\n<p class=\"\" data-start=\"1609\" data-end=\"1820\">Cuando te registras para obtener una cuenta, podemos solicitar tu informaci\u00f3n de contacto, incluyendo elementos como nombre, nombre de la empresa, direcci\u00f3n, direcci\u00f3n de correo electr\u00f3nico y n\u00famero de tel\u00e9fono.<\/p>\r\n<h3 class=\"\" data-start=\"1822\" data-end=\"1852\">C\u00f3mo usamos tu informaci\u00f3n<\/h3>\r\n<p class=\"\" data-start=\"1854\" data-end=\"1933\">Utilizamos la informaci\u00f3n que recopilamos de diversas maneras, incluyendo para:<\/p>\r\n<ul data-start=\"1935\" data-end=\"2479\">\r\n<li class=\"\" data-start=\"1935\" data-end=\"1986\">\r\n<p class=\"\" data-start=\"1937\" data-end=\"1986\">Proporcionar, operar y mantener nuestro sitio web<\/p>\r\n<\/li>\r\n<li class=\"\" data-start=\"1987\" data-end=\"2039\">\r\n<p class=\"\" data-start=\"1989\" data-end=\"2039\">Mejorar, personalizar y expandir nuestro sitio web<\/p>\r\n<\/li>\r\n<li class=\"\" data-start=\"2040\" data-end=\"2095\">\r\n<p class=\"\" data-start=\"2042\" data-end=\"2095\">Comprender y analizar c\u00f3mo utilizas nuestro sitio web<\/p>\r\n<\/li>\r\n<li class=\"\" data-start=\"2096\" data-end=\"2172\">\r\n<p class=\"\" data-start=\"2098\" data-end=\"2172\">Desarrollar nuevos productos, servicios, caracter\u00edsticas y funcionalidades<\/p>\r\n<\/li>\r\n<li class=\"\" data-start=\"2173\" data-end=\"2417\">\r\n<p class=\"\" data-start=\"2175\" data-end=\"2417\">Comunicarnos contigo, ya sea directamente o a trav\u00e9s de uno de nuestros socios, incluyendo para servicio al cliente, para proporcionarte actualizaciones y otra informaci\u00f3n relacionada con el sitio web, y con fines de marketing y promocionales<\/p>\r\n<\/li>\r\n<li class=\"\" data-start=\"2418\" data-end=\"2449\">\r\n<p class=\"\" data-start=\"2420\" data-end=\"2449\">Enviarte correos electr\u00f3nicos<\/p>\r\n<\/li>\r\n<li class=\"\" data-start=\"2450\" data-end=\"2479\">\r\n<p class=\"\" data-start=\"2452\" data-end=\"2479\">Detectar y prevenir fraudes<\/p>\r\n<\/li>\r\n<\/ul>\r\n<h3 class=\"\" data-start=\"2481\" data-end=\"2505\">Archivos de registro<\/h3>\r\n<p class=\"\" data-start=\"2507\" data-end=\"3261\">QuemLiga.PT sigue un procedimiento est\u00e1ndar de uso de archivos de registro. Estos archivos registran a los visitantes cuando visitan sitios web. Todas las empresas de alojamiento hacen esto y forman parte del an\u00e1lisis de los servicios de alojamiento. La informaci\u00f3n recopilada por los archivos de registro incluye direcciones de protocolo de Internet (IP), tipo de navegador, proveedor de servicios de Internet (ISP), marca de fecha y hora, p\u00e1ginas de referencia\/salida y, posiblemente, el n\u00famero de clics. No est\u00e1n vinculados a ninguna informaci\u00f3n que sea personalmente identificable. El prop\u00f3sito de la informaci\u00f3n es analizar tendencias, administrar el sitio, rastrear el movimiento de los usuarios en el sitio web y recopilar informaci\u00f3n demogr\u00e1fica.<\/p>\r\n<h3 class=\"\" data-start=\"3263\" data-end=\"3288\">Cookies y balizas web<\/h3>\r\n<p class=\"\" data-start=\"3290\" data-end=\"3704\">Como cualquier otro sitio web, QuemLiga.PT utiliza &#8220;cookies&#8221;. Estas cookies se utilizan para almacenar informaci\u00f3n, incluyendo las preferencias de los visitantes y las p\u00e1ginas del sitio web que el visitante accedi\u00f3 o visit\u00f3. La informaci\u00f3n se utiliza para optimizar la experiencia de los usuarios, personalizando el contenido de nuestra p\u00e1gina web seg\u00fan el tipo de navegador de los visitantes y\/o otra informaci\u00f3n.<\/p>\r\n<h3 class=\"\" data-start=\"3706\" data-end=\"3743\">Cookie DART de Google DoubleClick<\/h3>\r\n<p class=\"\" data-start=\"3745\" data-end=\"4269\">Google es un proveedor externo en nuestro sitio. Tambi\u00e9n utiliza cookies, conocidas como cookies DART, para mostrar anuncios a los visitantes de nuestro sitio basados en sus visitas a <a class=\"\" href=\"http:\/\/www.website.com\" target=\"_new\" rel=\"noopener\" data-start=\"3929\" data-end=\"3970\">www.website.com<\/a> y otros sitios en Internet. Sin embargo, los visitantes pueden optar por rechazar el uso de cookies DART visitando la Pol\u00edtica de Privacidad de la red de contenido y anuncios de Google en el siguiente URL: <a class=\"\" href=\"https:\/\/policies.google.com\/technologies\/ads\" target=\"_new\" rel=\"noopener\" data-start=\"4177\" data-end=\"4269\">https:\/\/policies.google.com\/technologies\/ads<\/a><\/p>\r\n<h3 class=\"\" data-start=\"4271\" data-end=\"4322\">Pol\u00edticas de privacidad de socios publicitarios<\/h3>\r\n<p class=\"\" data-start=\"4324\" data-end=\"4448\">Puedes consultar esta lista para encontrar la Pol\u00edtica de Privacidad de cada uno de los socios publicitarios de QuemLiga.PT.<\/p>\r\n<p class=\"\" data-start=\"4450\" data-end=\"4948\">Los servidores de anuncios o redes de anuncios de terceros utilizan tecnolog\u00edas como cookies, JavaScript o balizas web que se utilizan en sus respectivos anuncios y enlaces que aparecen en QuemLiga.PT, los cuales se env\u00edan directamente al navegador de los usuarios. Reciben autom\u00e1ticamente tu direcci\u00f3n IP cuando esto ocurre. Estas tecnolog\u00edas se utilizan para medir la efectividad de sus campa\u00f1as publicitarias y\/o para personalizar el contenido publicitario que ves en los sitios web que visitas.<\/p>\r\n<p class=\"\" data-start=\"4950\" data-end=\"5068\">Ten en cuenta que QuemLiga.PT no tiene acceso ni control sobre estas cookies que utilizan los anunciantes de terceros.<\/p>\r\n<h3 class=\"\" data-start=\"5070\" data-end=\"5109\">Pol\u00edticas de privacidad de terceros<\/h3>\r\n<p class=\"\" data-start=\"5111\" data-end=\"5466\">La Pol\u00edtica de Privacidad de QuemLiga.PT no se aplica a otros anunciantes o sitios web. Por lo tanto, te recomendamos que consultes las respectivas Pol\u00edticas de Privacidad de estos servidores de anuncios de terceros para obtener informaci\u00f3n m\u00e1s detallada. Puede incluir sus pr\u00e1cticas e instrucciones sobre c\u00f3mo optar por no participar en ciertas opciones.<\/p>\r\n<p class=\"\" data-start=\"5468\" data-end=\"5731\">Puedes optar por desactivar las cookies a trav\u00e9s de las opciones individuales de tu navegador. Para obtener informaci\u00f3n m\u00e1s detallada sobre la gesti\u00f3n de cookies con navegadores web espec\u00edficos, puedes encontrarla en los respectivos sitios web de los navegadores.<\/p>\r\n<h3 class=\"\" data-start=\"5733\" data-end=\"5806\">Derechos de privacidad de la CCPA (No vender mi informaci\u00f3n personal)<\/h3>\r\n<p class=\"\" data-start=\"5808\" data-end=\"5893\">Seg\u00fan la CCPA, entre otros derechos, los consumidores de California tienen derecho a:<\/p>\r\n<ul data-start=\"5895\" data-end=\"6297\">\r\n<li class=\"\" data-start=\"5895\" data-end=\"6078\">\r\n<p class=\"\" data-start=\"5897\" data-end=\"6078\">Solicitar que una empresa que recopila datos personales de un consumidor divulgue las categor\u00edas y datos personales espec\u00edficos que una empresa ha recopilado sobre los consumidores.<\/p>\r\n<\/li>\r\n<li class=\"\" data-start=\"6079\" data-end=\"6179\">\r\n<p class=\"\" data-start=\"6081\" data-end=\"6179\">Solicitar que una empresa elimine cualquier dato personal sobre el consumidor que haya recopilado.<\/p>\r\n<\/li>\r\n<li class=\"\" data-start=\"6180\" data-end=\"6297\">\r\n<p class=\"\" data-start=\"6182\" data-end=\"6297\">Solicitar que una empresa que vende datos personales de un consumidor no venda los datos personales del consumidor.<\/p>\r\n<\/li>\r\n<\/ul>\r\n<p class=\"\" data-start=\"6299\" data-end=\"6425\">Si realizas una solicitud, tenemos un mes para responderte. Si deseas ejercer alguno de estos derechos, por favor cont\u00e1ctanos.<\/p>\r\n<h3 class=\"\" data-start=\"6427\" data-end=\"6471\">Derechos de protecci\u00f3n de datos del GDPR<\/h3>\r\n<p class=\"\" data-start=\"6473\" data-end=\"6617\">Queremos asegurarnos de que est\u00e9s plenamente consciente de todos tus derechos de protecci\u00f3n de datos. Todo usuario tiene derecho a lo siguiente:<\/p>\r\n<ul data-start=\"6619\" data-end=\"7577\">\r\n<li class=\"\" data-start=\"6619\" data-end=\"6757\">\r\n<p class=\"\" data-start=\"6621\" data-end=\"6757\"><strong data-start=\"6621\" data-end=\"6642\">Derecho de acceso<\/strong>: Tienes derecho a solicitar copias de tus datos personales. Podemos cobrarte una peque\u00f1a tarifa por este servicio.<\/p>\r\n<\/li>\r\n<li class=\"\" data-start=\"6758\" data-end=\"6973\">\r\n<p class=\"\" data-start=\"6760\" data-end=\"6973\"><strong data-start=\"6760\" data-end=\"6790\">Derecho a la rectificaci\u00f3n<\/strong>: Tienes derecho a solicitar que corrijamos cualquier informaci\u00f3n que consideres inexacta. Tambi\u00e9n tienes derecho a solicitar que completemos la informaci\u00f3n que consideres incompleta.<\/p>\r\n<\/li>\r\n<li class=\"\" data-start=\"6974\" data-end=\"7087\">\r\n<p class=\"\" data-start=\"6976\" data-end=\"7087\"><strong data-start=\"6976\" data-end=\"6998\">Derecho al borrado<\/strong>: Tienes derecho a solicitar que borremos tus datos personales, bajo ciertas condiciones.<\/p>\r\n<\/li>\r\n<li class=\"\" data-start=\"7088\" data-end=\"7244\">\r\n<p class=\"\" data-start=\"7090\" data-end=\"7244\"><strong data-start=\"7090\" data-end=\"7131\">Derecho a restringir el procesamiento<\/strong>: Tienes derecho a solicitar que restrinjamos el procesamiento de tus datos personales, bajo ciertas condiciones.<\/p>\r\n<\/li>\r\n<li class=\"\" data-start=\"7245\" data-end=\"7388\">\r\n<p class=\"\" data-start=\"7247\" data-end=\"7388\"><strong data-start=\"7247\" data-end=\"7286\">Derecho a oponerte al procesamiento<\/strong>: Tienes derecho a oponerte a nuestro procesamiento de tus datos personales, bajo ciertas condiciones.<\/p>\r\n<\/li>\r\n<li class=\"\" data-start=\"7389\" data-end=\"7577\">\r\n<p class=\"\" data-start=\"7391\" data-end=\"7577\"><strong data-start=\"7391\" data-end=\"7433\">Derecho a la portabilidad de los datos<\/strong>: Tienes derecho a solicitar que transfiramos los datos que hemos recopilado a otra organizaci\u00f3n, o directamente a ti, bajo ciertas condiciones.<\/p>\r\n<\/li>\r\n<\/ul>\r\n<p class=\"\" data-start=\"7579\" data-end=\"7705\">Si realizas una solicitud, tenemos un mes para responderte. Si deseas ejercer alguno de estos derechos, por favor cont\u00e1ctanos.<\/p>\r\n<h3 class=\"\" data-start=\"7707\" data-end=\"7733\">Informaci\u00f3n para ni\u00f1os<\/h3>\r\n<p class=\"\" data-start=\"7735\" data-end=\"7929\">Otra parte de nuestra prioridad es agregar protecci\u00f3n para los ni\u00f1os mientras usan Internet. Alentamos a los padres y tutores a observar, participar y\/o monitorear y guiar su actividad en l\u00ednea.<\/p>\r\n<p class=\"\" data-start=\"7931\" data-end=\"8279\">QuemLiga.PT no recopila intencionalmente ninguna informaci\u00f3n personal identificable de ni\u00f1os menores de 13 a\u00f1os. Si crees que tu hijo proporcion\u00f3 este tipo de informaci\u00f3n en nuestro sitio web, te recomendamos encarecidamente que nos contactes de inmediato y haremos todo lo posible para eliminar r\u00e1pidamente dicha informaci\u00f3n de nuestros registros.<\/p>\r\n<h3 class=\"\" data-start=\"8281\" data-end=\"8323\">Cambios en esta Pol\u00edtica de Privacidad<\/h3>\r\n<p class=\"\" data-start=\"8325\" data-end=\"8675\">Podemos actualizar nuestra Pol\u00edtica de Privacidad de vez en cuando. Por lo tanto, te recomendamos que revises esta p\u00e1gina peri\u00f3dicamente para ver si hay cambios. Te notificaremos sobre cualquier cambio publicando la nueva Pol\u00edtica de Privacidad en esta p\u00e1gina. Estos cambios entran en vigencia inmediatamente despu\u00e9s de su publicaci\u00f3n en esta p\u00e1gina.<\/p>\r\n<p class=\"\" data-start=\"8677\" data-end=\"8773\">Nuestra Pol\u00edtica de Privacidad fue creada con la ayuda del Generador de Pol\u00edticas de Privacidad.<\/p>\r\n<h3 class=\"\" data-start=\"8775\" data-end=\"8790\">Cont\u00e1ctanos<\/h3>\r\n<p class=\"\" data-start=\"8792\" data-end=\"8894\">Si tienes alguna pregunta o sugerencia sobre nuestra Pol\u00edtica de Privacidad, no dudes en contactarnos.<\/p>","protected":false},"excerpt":{"rendered":"<p>En QuemLiga.PT, accesible en https:\/\/es.quemliga.pt, una de nuestras principales prioridades es la privacidad de nuestros visitantes. Este documento de Pol\u00edtica de Privacidad contiene tipos de&#8230;<\/p>","protected":false},"author":1,"featured_media":0,"parent":0,"menu_order":0,"comment_status":"closed","ping_status":"closed","template":"","meta":{"footnotes":""},"class_list":["post-972","page","type-page","status-publish","hentry"],"_links":{"self":[{"href":"https:\/\/es.quemliga.pt\/cs\/wp-json\/wp\/v2\/pages\/972","targetHints":{"allow":["GET"]}}],"collection":[{"href":"https:\/\/es.quemliga.pt\/cs\/wp-json\/wp\/v2\/pages"}],"about":[{"href":"https:\/\/es.quemliga.pt\/cs\/wp-json\/wp\/v2\/types\/page"}],"author":[{"embeddable":true,"href":"https:\/\/es.quemliga.pt\/cs\/wp-json\/wp\/v2\/users\/1"}],"replies":[{"embeddable":true,"href":"https:\/\/es.quemliga.pt\/cs\/wp-json\/wp\/v2\/comments?post=972"}],"version-history":[{"count":3,"href":"https:\/\/es.quemliga.pt\/cs\/wp-json\/wp\/v2\/pages\/972\/revisions"}],"predecessor-version":[{"id":1438,"href":"https:\/\/es.quemliga.pt\/cs\/wp-json\/wp\/v2\/pages\/972\/revisions\/1438"}],"wp:attachment":[{"href":"https:\/\/es.quemliga.pt\/cs\/wp-json\/wp\/v2\/media?parent=972"}],"curies":[{"name":"wp","href":"https:\/\/api.w.org\/{rel}","templated":true}]}}