{"id":921,"date":"2023-10-23T20:59:36","date_gmt":"2023-10-23T23:59:36","guid":{"rendered":"https:\/\/es.quemliga.pt\/?page_id=921"},"modified":"2023-10-23T22:22:51","modified_gmt":"2023-10-24T01:22:51","slug":"contato","status":"publish","type":"page","link":"https:\/\/es.quemliga.pt\/cs\/contato\/","title":{"rendered":"Kontakt"},"content":{"rendered":"<p>D\u011bkujeme za v\u00e1\u0161 z\u00e1jem o \u201eQuemLiga.PT\u201c. M\u00e1te-li jak\u00e9koli dotazy, p\u0159ipom\u00ednky nebo n\u00e1vrhy, nev\u00e1hejte n\u00e1s kontaktovat. Velmi si v\u00e1\u017e\u00edme va\u0161\u00ed zp\u011btn\u00e9 vazby, proto\u017ee se sna\u017e\u00edme poskytovat kvalitn\u00ed a relevantn\u00ed informace.<\/p>\n<p><strong>E-mailov\u00e1 podpora:<\/strong><\/p>\n<p>V p\u0159\u00edpad\u011b jak\u00fdchkoli dotaz\u016f se m\u016f\u017eete obr\u00e1tit na n\u00e1\u0161 specializovan\u00fd t\u00fdm podpory prost\u0159ednictv\u00edm e-mailu na adrese <strong><a href=\"mailto:contato@es.quemliga.pt\" target=\"_new\" rel=\"noopener\">contato@es.quemliga.pt<\/a><\/strong>. Na\u0161\u00edm c\u00edlem je rychle reagovat na va\u0161e e-maily a poskytnout pomoc s jak\u00fdmikoli dotazy nebo informacemi, kter\u00e9 po\u017eadujete.<\/p>\n<p><strong>Koment\u00e1\u0159e a n\u00e1vrhy:<\/strong><\/p>\n<p>Oce\u0148ujeme va\u0161e koment\u00e1\u0159e a n\u00e1vrhy na zlep\u0161en\u00ed QuemLiga.PT. Pokud byste se cht\u011bli pod\u011blit o sv\u00e9 my\u0161lenky nebo poskytnout obecn\u00e9 n\u00e1vrhy, nev\u00e1hejte n\u00e1m poslat e-mail na adresu <strong><a href=\"mailto:contato@es.quemliga.pt\" target=\"_new\" rel=\"noopener\">contato@es.quemliga.pt<\/a><\/strong>.<\/p>\n<p><strong>P\u0159\u00edsp\u011bvky a p\u0159\u00edsp\u011bvky host\u016f:<\/strong><\/p>\n<p>Pokud m\u00e1te relevantn\u00ed informace a cht\u011bli byste p\u0159isp\u00edvat do QuemLiga.PT \u010dl\u00e1nky nebo informacemi, kontaktujte n\u00e1s e-mailem <strong><a href=\"mailto:contato@es.quemliga.pt\" target=\"_new\" rel=\"noopener\">contato@es.quemliga.pt<\/a><\/strong>. St\u00e1le hled\u00e1me spolupracovn\u00edky, kte\u0159\u00ed mohou obohatit n\u00e1\u0161 obsah.<\/p>\n<p><strong>Dotazy na partnerstv\u00ed:<\/strong><\/p>\n<p>Pro dotazy t\u00fdkaj\u00edc\u00ed se partnerstv\u00ed nebo jin\u00fdch mo\u017enost\u00ed spolupr\u00e1ce n\u00e1s pros\u00edm kontaktujte na <strong><a href=\"mailto:contato@es.quemliga.pt\" target=\"_new\" rel=\"noopener\">contato@es.quemliga.pt<\/a><\/strong>. Jsme otev\u0159eni nov\u00fdm n\u00e1pad\u016fm a spolupr\u00e1ci, kter\u00e9 mohou b\u00fdt p\u0159\u00ednosem pro na\u0161e u\u017eivatele.<\/p>\n<p>D\u011bkujeme za n\u00e1v\u0161t\u011bvu QuemLiga.PT. \u010cek\u00e1me na v\u00e1\u0161 kontakt a jsme v\u017edy p\u0159ipraveni obslou\u017eit v\u00e1s t\u00edm nejlep\u0161\u00edm mo\u017en\u00fdm zp\u016fsobem.<\/p>","protected":false},"excerpt":{"rendered":"<p>D\u011bkujeme za v\u00e1\u0161 z\u00e1jem o \u201eQuemLiga.PT\u201c. M\u00e1te-li jak\u00e9koli dotazy, p\u0159ipom\u00ednky nebo n\u00e1vrhy, nev\u00e1hejte n\u00e1s kontaktovat. Opravdu si v\u00e1\u017e\u00edme va\u0161\u00ed zp\u011btn\u00e9 vazby,\u2026<\/p>","protected":false},"author":1,"featured_media":0,"parent":0,"menu_order":0,"comment_status":"closed","ping_status":"closed","template":"","meta":{"footnotes":""},"class_list":["post-921","page","type-page","status-publish","hentry"],"_links":{"self":[{"href":"https:\/\/es.quemliga.pt\/cs\/wp-json\/wp\/v2\/pages\/921","targetHints":{"allow":["GET"]}}],"collection":[{"href":"https:\/\/es.quemliga.pt\/cs\/wp-json\/wp\/v2\/pages"}],"about":[{"href":"https:\/\/es.quemliga.pt\/cs\/wp-json\/wp\/v2\/types\/page"}],"author":[{"embeddable":true,"href":"https:\/\/es.quemliga.pt\/cs\/wp-json\/wp\/v2\/users\/1"}],"replies":[{"embeddable":true,"href":"https:\/\/es.quemliga.pt\/cs\/wp-json\/wp\/v2\/comments?post=921"}],"version-history":[{"count":2,"href":"https:\/\/es.quemliga.pt\/cs\/wp-json\/wp\/v2\/pages\/921\/revisions"}],"predecessor-version":[{"id":967,"href":"https:\/\/es.quemliga.pt\/cs\/wp-json\/wp\/v2\/pages\/921\/revisions\/967"}],"wp:attachment":[{"href":"https:\/\/es.quemliga.pt\/cs\/wp-json\/wp\/v2\/media?parent=921"}],"curies":[{"name":"wp","href":"https:\/\/api.w.org\/{rel}","templated":true}]}}